{"id":6904,"date":"2023-08-17T11:08:21","date_gmt":"2023-08-17T14:08:21","guid":{"rendered":"https:\/\/cienciasbahia.org.br\/novo\/?page_id=6904"},"modified":"2026-03-27T07:48:40","modified_gmt":"2026-03-27T10:48:40","slug":"relatorio-anual-de-atividades","status":"publish","type":"page","link":"https:\/\/cienciasbahia.org.br\/novo\/relatorio-anual-de-atividades\/","title":{"rendered":"RELAT\u00d3RIO ANUAL DE ATIVIDADES"},"content":{"rendered":"<p>A ACB presta contas, anualmente, aos seus associados e \u00e0 sociedade, dos recursos que a mant\u00e9m, dos resultados, entregas e atividades, de acordo com o Inciso I do Art. 24 de seu\u00a0 Estatuto.<\/p>\n","protected":false},"excerpt":{"rendered":"<p>A ACB presta contas, anualmente, aos seus associados e \u00e0 sociedade, dos recursos que a mant\u00e9m, dos resultados, entregas e atividades, de acordo com o Inciso I do Art. 24 de seu\u00a0 Estatuto.<\/p>\n","protected":false},"author":4,"featured_media":0,"parent":0,"menu_order":5,"comment_status":"closed","ping_status":"closed","template":"","meta":{"_et_pb_use_builder":"","_et_pb_old_content":"","_et_gb_content_width":"","footnotes":""},"class_list":["post-6904","page","type-page","status-publish","hentry"],"acf":[],"_links":{"self":[{"href":"https:\/\/cienciasbahia.org.br\/novo\/wp-json\/wp\/v2\/pages\/6904","targetHints":{"allow":["GET"]}}],"collection":[{"href":"https:\/\/cienciasbahia.org.br\/novo\/wp-json\/wp\/v2\/pages"}],"about":[{"href":"https:\/\/cienciasbahia.org.br\/novo\/wp-json\/wp\/v2\/types\/page"}],"author":[{"embeddable":true,"href":"https:\/\/cienciasbahia.org.br\/novo\/wp-json\/wp\/v2\/users\/4"}],"replies":[{"embeddable":true,"href":"https:\/\/cienciasbahia.org.br\/novo\/wp-json\/wp\/v2\/comments?post=6904"}],"version-history":[{"count":8,"href":"https:\/\/cienciasbahia.org.br\/novo\/wp-json\/wp\/v2\/pages\/6904\/revisions"}],"predecessor-version":[{"id":8092,"href":"https:\/\/cienciasbahia.org.br\/novo\/wp-json\/wp\/v2\/pages\/6904\/revisions\/8092"}],"wp:attachment":[{"href":"https:\/\/cienciasbahia.org.br\/novo\/wp-json\/wp\/v2\/media?parent=6904"}],"curies":[{"name":"wp","href":"https:\/\/api.w.org\/{rel}","templated":true}]}}