{"id":6900,"date":"2023-08-17T11:03:21","date_gmt":"2023-08-17T14:03:21","guid":{"rendered":"https:\/\/cienciasbahia.org.br\/novo\/?page_id=6900"},"modified":"2024-03-23T13:06:46","modified_gmt":"2024-03-23T16:06:46","slug":"orcamento","status":"publish","type":"page","link":"https:\/\/cienciasbahia.org.br\/novo\/orcamento\/","title":{"rendered":"OR\u00c7AMENTO"},"content":{"rendered":"<p>De acordo com o Inciso I do Art. 24 do Estatuto da ACB, compete \u00e0 Assembleia Geral reunir-se, ordinariamente, no m\u00eas de mar\u00e7o de cada ano, para estabelecer a Previs\u00e3o Or\u00e7ament\u00e1ria do ano que se inicia.<\/p>\n","protected":false},"excerpt":{"rendered":"<p>De acordo com o Inciso I do Art. 24 do Estatuto da ACB, compete \u00e0 Assembleia Geral reunir-se, ordinariamente, no m\u00eas de mar\u00e7o de cada ano, para estabelecer a Previs\u00e3o Or\u00e7ament\u00e1ria do ano que se inicia.<\/p>\n","protected":false},"author":4,"featured_media":0,"parent":0,"menu_order":3,"comment_status":"closed","ping_status":"closed","template":"","meta":{"_et_pb_use_builder":"","_et_pb_old_content":"","_et_gb_content_width":"","footnotes":""},"class_list":["post-6900","page","type-page","status-publish","hentry"],"acf":[],"_links":{"self":[{"href":"https:\/\/cienciasbahia.org.br\/novo\/wp-json\/wp\/v2\/pages\/6900","targetHints":{"allow":["GET"]}}],"collection":[{"href":"https:\/\/cienciasbahia.org.br\/novo\/wp-json\/wp\/v2\/pages"}],"about":[{"href":"https:\/\/cienciasbahia.org.br\/novo\/wp-json\/wp\/v2\/types\/page"}],"author":[{"embeddable":true,"href":"https:\/\/cienciasbahia.org.br\/novo\/wp-json\/wp\/v2\/users\/4"}],"replies":[{"embeddable":true,"href":"https:\/\/cienciasbahia.org.br\/novo\/wp-json\/wp\/v2\/comments?post=6900"}],"version-history":[{"count":5,"href":"https:\/\/cienciasbahia.org.br\/novo\/wp-json\/wp\/v2\/pages\/6900\/revisions"}],"predecessor-version":[{"id":7285,"href":"https:\/\/cienciasbahia.org.br\/novo\/wp-json\/wp\/v2\/pages\/6900\/revisions\/7285"}],"wp:attachment":[{"href":"https:\/\/cienciasbahia.org.br\/novo\/wp-json\/wp\/v2\/media?parent=6900"}],"curies":[{"name":"wp","href":"https:\/\/api.w.org\/{rel}","templated":true}]}}