{"id":6893,"date":"2023-08-17T10:50:31","date_gmt":"2023-08-17T13:50:31","guid":{"rendered":"https:\/\/cienciasbahia.org.br\/novo\/?page_id=6893"},"modified":"2023-08-17T10:50:31","modified_gmt":"2023-08-17T13:50:31","slug":"finalidades","status":"publish","type":"page","link":"https:\/\/cienciasbahia.org.br\/novo\/finalidades\/","title":{"rendered":"FINALIDADES"},"content":{"rendered":"<p>O \u00a74\u00ba do Art. 1\u00ba do Estatuto da ACB estabelece as seguintes finalidades para esta Academia:<\/p>\n<p style=\"padding-left: 40px;\">a) incentivar a forma\u00e7\u00e3o de pesquisadores e a realiza\u00e7\u00e3o de pesquisa sobre temas relevantes da ci\u00eancia, da tecnologia e da inova\u00e7\u00e3o, tanto em entidades p\u00fablicas como privadas do estado da Bahia;<\/p>\n<p style=\"padding-left: 40px;\">b) promover di\u00e1logos interdisciplinares e o encontro de pesquisadores na perspectiva abrangente de uma ci\u00eancia em plena intera\u00e7\u00e3o com a filosofia e a arte;<\/p>\n<p style=\"padding-left: 40px;\">c) realizar estudos sobre temas de ci\u00eancia, tecnologia e inova\u00e7\u00e3o que tenham como objetivo contribuir para o desenvolvimento econ\u00f4mico, social e cultural do estado da Bahia;<\/p>\n<p style=\"padding-left: 40px;\">d) estimular o aperfei\u00e7oamento do ensino das ci\u00eancias em todas as idades, com metodologia e os materiais ajustados \u00e0s peculiaridades dos alunos;<\/p>\n<p style=\"padding-left: 40px;\">e) servir de elo entre cientistas de institui\u00e7\u00f5es locais e com entidades projetadas nacional e internacionalmente, visando a troca de informa\u00e7\u00f5es em car\u00e1ter pessoal, assim como a cria\u00e7\u00e3o de oportunidades para trabalhos em parcerias;<\/p>\n<p style=\"padding-left: 40px;\">f) apoiar iniciativas que visem a difus\u00e3o e populariza\u00e7\u00e3o da ci\u00eancia;<\/p>\n<p style=\"padding-left: 40px;\">g) apoiar o registro de fatos relevantes para a hist\u00f3ria da ci\u00eancia, tanto no \u00e2mbito local como global;<\/p>\n<p style=\"padding-left: 40px;\">h) posicionar-se em defesa da \u00e9tica, da integridade cient\u00edfica e do controle social da pesquisa em humanos e em animais;<\/p>\n<p style=\"padding-left: 40px;\">i) manter um Conselho Editorial para organiza\u00e7\u00e3o e difus\u00e3o de livros, anais e outros itens, assim\u00a0 como\u00a0 reunir e preservar\u00a0 um acervo de t\u00edtulos mult\u00edmeios.<\/p>\n<p style=\"padding-left: 40px;\">j) manter v\u00ednculos com associa\u00e7\u00f5es cient\u00edficas, educacionais e culturais do pa\u00eds, especialmente as academias de ci\u00eancia, sociedades cient\u00edficas e agencias de financiamento e apoio \u00e0 pesquisa.<\/p>\n<p style=\"padding-left: 40px;\">k) incentivar a cria\u00e7\u00e3o e instalar sedes regionais da ACB no estado da Bahia, fora da regi\u00e3o metropolitana de Salvador.<\/p>\n","protected":false},"excerpt":{"rendered":"<p>O \u00a74\u00ba do Art. 1\u00ba do Estatuto da ACB estabelece as seguintes finalidades para esta Academia: a) incentivar a forma\u00e7\u00e3o de pesquisadores e a realiza\u00e7\u00e3o de pesquisa sobre temas relevantes da ci\u00eancia, da tecnologia e da inova\u00e7\u00e3o, tanto em entidades p\u00fablicas como privadas do estado da Bahia; b) promover di\u00e1logos interdisciplinares e o encontro de [&hellip;]<\/p>\n","protected":false},"author":4,"featured_media":0,"parent":0,"menu_order":2,"comment_status":"closed","ping_status":"closed","template":"","meta":{"_et_pb_use_builder":"","_et_pb_old_content":"","_et_gb_content_width":"","footnotes":""},"class_list":["post-6893","page","type-page","status-publish","hentry"],"acf":[],"_links":{"self":[{"href":"https:\/\/cienciasbahia.org.br\/novo\/wp-json\/wp\/v2\/pages\/6893","targetHints":{"allow":["GET"]}}],"collection":[{"href":"https:\/\/cienciasbahia.org.br\/novo\/wp-json\/wp\/v2\/pages"}],"about":[{"href":"https:\/\/cienciasbahia.org.br\/novo\/wp-json\/wp\/v2\/types\/page"}],"author":[{"embeddable":true,"href":"https:\/\/cienciasbahia.org.br\/novo\/wp-json\/wp\/v2\/users\/4"}],"replies":[{"embeddable":true,"href":"https:\/\/cienciasbahia.org.br\/novo\/wp-json\/wp\/v2\/comments?post=6893"}],"version-history":[{"count":1,"href":"https:\/\/cienciasbahia.org.br\/novo\/wp-json\/wp\/v2\/pages\/6893\/revisions"}],"predecessor-version":[{"id":6894,"href":"https:\/\/cienciasbahia.org.br\/novo\/wp-json\/wp\/v2\/pages\/6893\/revisions\/6894"}],"wp:attachment":[{"href":"https:\/\/cienciasbahia.org.br\/novo\/wp-json\/wp\/v2\/media?parent=6893"}],"curies":[{"name":"wp","href":"https:\/\/api.w.org\/{rel}","templated":true}]}}