{"id":3532,"date":"2023-03-28T12:23:53","date_gmt":"2023-03-28T15:23:53","guid":{"rendered":"https:\/\/cienciasbahia.org.br\/novo\/?page_id=3532"},"modified":"2026-03-27T20:10:18","modified_gmt":"2026-03-27T23:10:18","slug":"transparencia","status":"publish","type":"page","link":"https:\/\/cienciasbahia.org.br\/novo\/transparencia\/","title":{"rendered":"TRANSPAR\u00caNCIA"},"content":{"rendered":"<p>Atendendo ao disposto na Lei n\u00ba 12.527, de 18 de novembro de 2011, que regula o acesso a informa\u00e7\u00f5es, a Academia de Ci\u00eancias da Bahia (ACB) publica neste Portal os documentos relativos \u00e0 presta\u00e7\u00e3o de contas dos recursos financeiros que administra, oriundos de fontes pr\u00f3prias como a arrecada\u00e7\u00e3o de anuidades dos associados e, tamb\u00e9m, de recursos obtidos de outras fontes por meio de conv\u00eanios com \u00f3rg\u00e3os p\u00fablicos ou privados.<\/p>\n<p>Acreditando e confiando na transpar\u00eancia como meio de fortalecer o di\u00e1logo e o controle social, a ACB presta contas aos seus associados e \u00e0 sociedade, divulgando os resultados das suas atividades atrav\u00e9s de Relat\u00f3rios Anuais.<\/p>\n<p>Para consultar informa\u00e7\u00f5es relacionadas com as Atividades e a Transpar\u00eancia Administrativa da ACB, utilize o menu ao lado.<\/p>\n","protected":false},"excerpt":{"rendered":"<p>Atendendo ao disposto na Lei n\u00ba 12.527, de 18 de novembro de 2011, que regula o acesso a informa\u00e7\u00f5es, a Academia de Ci\u00eancias da Bahia (ACB) publica neste Portal os documentos relativos \u00e0 presta\u00e7\u00e3o de contas dos recursos financeiros que administra, oriundos de fontes pr\u00f3prias como a arrecada\u00e7\u00e3o de anuidades dos associados e, tamb\u00e9m, de [&hellip;]<\/p>\n","protected":false},"author":1,"featured_media":0,"parent":0,"menu_order":1,"comment_status":"closed","ping_status":"closed","template":"","meta":{"_et_pb_use_builder":"","_et_pb_old_content":"","_et_gb_content_width":"","footnotes":""},"class_list":["post-3532","page","type-page","status-publish","hentry"],"acf":[],"_links":{"self":[{"href":"https:\/\/cienciasbahia.org.br\/novo\/wp-json\/wp\/v2\/pages\/3532","targetHints":{"allow":["GET"]}}],"collection":[{"href":"https:\/\/cienciasbahia.org.br\/novo\/wp-json\/wp\/v2\/pages"}],"about":[{"href":"https:\/\/cienciasbahia.org.br\/novo\/wp-json\/wp\/v2\/types\/page"}],"author":[{"embeddable":true,"href":"https:\/\/cienciasbahia.org.br\/novo\/wp-json\/wp\/v2\/users\/1"}],"replies":[{"embeddable":true,"href":"https:\/\/cienciasbahia.org.br\/novo\/wp-json\/wp\/v2\/comments?post=3532"}],"version-history":[{"count":22,"href":"https:\/\/cienciasbahia.org.br\/novo\/wp-json\/wp\/v2\/pages\/3532\/revisions"}],"predecessor-version":[{"id":8099,"href":"https:\/\/cienciasbahia.org.br\/novo\/wp-json\/wp\/v2\/pages\/3532\/revisions\/8099"}],"wp:attachment":[{"href":"https:\/\/cienciasbahia.org.br\/novo\/wp-json\/wp\/v2\/media?parent=3532"}],"curies":[{"name":"wp","href":"https:\/\/api.w.org\/{rel}","templated":true}]}}