{"id":1542,"date":"2022-07-30T09:20:51","date_gmt":"2022-07-30T12:20:51","guid":{"rendered":"https:\/\/cienciasbahia.org.br\/novo\/?page_id=1542"},"modified":"2023-08-17T11:09:16","modified_gmt":"2023-08-17T14:09:16","slug":"missao","status":"publish","type":"page","link":"https:\/\/cienciasbahia.org.br\/novo\/missao\/","title":{"rendered":"MISS\u00c3O"},"content":{"rendered":"<p>A ACB n\u00e3o faz distin\u00e7\u00e3o de etnias, de g\u00eanero ou de credo, a ACB tem como finalidades:<\/p>\n<p>incentivar a realiza\u00e7\u00e3o de pesquisa sobre temas relevantes da ci\u00eancia e da tecnologia, tanto em entidades p\u00fablicas como privadas no Estado da Bahia;<\/p>\n<p>estimular a forma\u00e7\u00e3o de pesquisadores;<\/p>\n<p>realizar estudos sobre temas relevantes da Ci\u00eancia e Tecnologia e que tenham como objetivo contribuir para o desenvolvimento econ\u00f4mico, social e cultural do Estado da Bahia;<\/p>\n<p>analisar em profundidade e promover a aplica\u00e7\u00e3o das leis de inova\u00e7\u00e3o estadual e federal na pesquisa cient\u00edfica e tecnol\u00f3gica, junto ao ambiente produtivo nacional;<\/p>\n<p>estimular o aperfei\u00e7oamento do ensino das ci\u00eancias em todas as idades, com a metodologia e os materiais ajustados \u00e0s peculiaridades dos alunos;<\/p>\n<p>servir de elo entre cientistas de institui\u00e7\u00f5es locais e com entidades projetadas nacional e internacionalmente, visando a troca de informa\u00e7\u00f5es em car\u00e1ter pessoal, assim como a cria\u00e7\u00e3o de oportunidades para trabalhos em parcerias;<\/p>\n<p>apoiar iniciativas que visem a populariza\u00e7\u00e3o da ci\u00eancia.<\/p>\n<p>priorizar a forma\u00e7\u00e3o de lideran\u00e7as que atuem no cumprimento dos itens a, b, c, d, e e f acima enunciados;<\/p>\n<p>dar apoio a projetos t\u00e9cnico-cient\u00edficos que contribuam para a inclus\u00e3o social;<\/p>\n<p>ocupar-se com a cria\u00e7\u00e3o de oportunidades e facilidades para cientistas que tenham forma\u00e7\u00e3o adequada, preferentemente para os que se disponham a trabalhar em regime de dedica\u00e7\u00e3o exclusiva;<\/p>\n<p>apoiar o registro de fatos relevantes para a hist\u00f3ria da ci\u00eancia e da tecnologia, tanto em \u00e2mbito local como global.<\/p>\n<p>posicionar-se em defesa da \u00e9tica, da integridade cient\u00edfica e do controle social da pesquisa em humanos e em animais.<\/p>\n","protected":false},"excerpt":{"rendered":"<p>A ACB n\u00e3o faz distin\u00e7\u00e3o de etnias, de g\u00eanero ou de credo, a ACB tem como finalidades: incentivar a realiza\u00e7\u00e3o de pesquisa sobre temas relevantes da ci\u00eancia e da tecnologia, tanto em entidades p\u00fablicas como privadas no Estado da Bahia; estimular a forma\u00e7\u00e3o de pesquisadores; realizar estudos sobre temas relevantes da Ci\u00eancia e Tecnologia e [&hellip;]<\/p>\n","protected":false},"author":1,"featured_media":0,"parent":0,"menu_order":8,"comment_status":"closed","ping_status":"closed","template":"","meta":{"_et_pb_use_builder":"","_et_pb_old_content":"","_et_gb_content_width":"","footnotes":""},"class_list":["post-1542","page","type-page","status-publish","hentry"],"acf":[],"_links":{"self":[{"href":"https:\/\/cienciasbahia.org.br\/novo\/wp-json\/wp\/v2\/pages\/1542","targetHints":{"allow":["GET"]}}],"collection":[{"href":"https:\/\/cienciasbahia.org.br\/novo\/wp-json\/wp\/v2\/pages"}],"about":[{"href":"https:\/\/cienciasbahia.org.br\/novo\/wp-json\/wp\/v2\/types\/page"}],"author":[{"embeddable":true,"href":"https:\/\/cienciasbahia.org.br\/novo\/wp-json\/wp\/v2\/users\/1"}],"replies":[{"embeddable":true,"href":"https:\/\/cienciasbahia.org.br\/novo\/wp-json\/wp\/v2\/comments?post=1542"}],"version-history":[{"count":3,"href":"https:\/\/cienciasbahia.org.br\/novo\/wp-json\/wp\/v2\/pages\/1542\/revisions"}],"predecessor-version":[{"id":6908,"href":"https:\/\/cienciasbahia.org.br\/novo\/wp-json\/wp\/v2\/pages\/1542\/revisions\/6908"}],"wp:attachment":[{"href":"https:\/\/cienciasbahia.org.br\/novo\/wp-json\/wp\/v2\/media?parent=1542"}],"curies":[{"name":"wp","href":"https:\/\/api.w.org\/{rel}","templated":true}]}}