{"id":1540,"date":"2022-07-30T09:20:40","date_gmt":"2022-07-30T12:20:40","guid":{"rendered":"https:\/\/cienciasbahia.org.br\/novo\/?page_id=1540"},"modified":"2023-08-17T10:55:57","modified_gmt":"2023-08-17T13:55:57","slug":"a-instituicao","status":"publish","type":"page","link":"https:\/\/cienciasbahia.org.br\/novo\/a-instituicao\/","title":{"rendered":"A INSTITUI\u00c7\u00c3O"},"content":{"rendered":"<p>A ACADEMIA DE CI\u00caNCIAS DA BAHIA (ACB), entidade de direito privado sem fins lucrativos, fundada em 17 de setembro de 2010, na cidade do Salvador, Estado da Bahia, tem por finalidade contribuir para o desenvolvimento da ci\u00eancia e da tecnologia como fator essencial ao bem estar social no nosso Pa\u00eds, fomentando a liga\u00e7\u00e3o entre os setores acad\u00eamico, produtivo e governamental do Estado da Bahia.<\/p>\n<p>A ACB atuar\u00e1 no sentido de estimular a forma\u00e7\u00e3o de pesquisadores nas \u00e1reas da ci\u00eancia e da tecnologia, particularmente quando envolverem id\u00e9ias inovadoras e quando vierem a contribuir para a inclus\u00e3o social, sem jamais fazer distin\u00e7\u00e3o entre etnias nem associar-se a atividades pol\u00edtico-partid\u00e1rias ou religiosas confessionais.<\/p>\n<p>Para atingir essas finalidades, a ACB estimular\u00e1 o aperfei\u00e7oamento do ensino das ci\u00eancias, mediante o uso da metodologia e dos materiais ajustados \u00e0s peculiaridades dos aprendizes.<\/p>\n<p>A ACB poder\u00e1 realizar conv\u00eanios, contratos ou acordos com institui\u00e7\u00f5es p\u00fablicas e privadas de car\u00e1ter estadual, nacional e internacional para a realiza\u00e7\u00e3o de projetos, estudos e outras atividades de natureza t\u00e9cnico-cient\u00edfica ou cultural, manter coopera\u00e7\u00e3o com entidades cong\u00eaneres nacionais e estrangeiras que estejam empenhadas no progresso da ci\u00eancia para o bem-estar da humanidade.<\/p>\n<p>Desde o in\u00edcio dos seus trabalhos, para melhor cumprir com as suas finalidades, a ACB procurou a colabora\u00e7\u00e3o do Governo do Estado da Bahia e da Federa\u00e7\u00e3o das Ind\u00fastrias do Estado da Bahia (FIEB). Assim, em sess\u00e3o solene presidida pelo Senhor Jacques Wagner, Governador do Estado, e realizada no Audit\u00f3rio da FIEB, com a presen\u00e7a do seu Presidente Dr. Jos\u00e9 de Freitas Mascarenhas, foi a ACB apresentada ao p\u00fablico mediante pronunciamento do Professor Roberto Figueira Santos, seu Presidente, diante de numeroso p\u00fablico altamente representativo da comunidade da nossa terra.<\/p>\n<p>A Ata de Funda\u00e7\u00e3o e o Estatuto da ACB est\u00e3o registrados em cart\u00f3rio. A ACB ter\u00e1 sede e foro na Rua Aristides Nov\u00eds, n\u00ba 203, Colina de S\u00e3o L\u00e1zaro, sala XX, bairro da Federa\u00e7\u00e3o, na Cidade do Salvador, Estado da Bahia.<\/p>\n","protected":false},"excerpt":{"rendered":"<p>A ACADEMIA DE CI\u00caNCIAS DA BAHIA (ACB), entidade de direito privado sem fins lucrativos, fundada em 17 de setembro de 2010, na cidade do Salvador, Estado da Bahia, tem por finalidade contribuir para o desenvolvimento da ci\u00eancia e da tecnologia como fator essencial ao bem estar social no nosso Pa\u00eds, fomentando a liga\u00e7\u00e3o entre os [&hellip;]<\/p>\n","protected":false},"author":1,"featured_media":0,"parent":0,"menu_order":6,"comment_status":"closed","ping_status":"closed","template":"","meta":{"_et_pb_use_builder":"","_et_pb_old_content":"","_et_gb_content_width":"","footnotes":""},"class_list":["post-1540","page","type-page","status-publish","hentry"],"acf":[],"_links":{"self":[{"href":"https:\/\/cienciasbahia.org.br\/novo\/wp-json\/wp\/v2\/pages\/1540","targetHints":{"allow":["GET"]}}],"collection":[{"href":"https:\/\/cienciasbahia.org.br\/novo\/wp-json\/wp\/v2\/pages"}],"about":[{"href":"https:\/\/cienciasbahia.org.br\/novo\/wp-json\/wp\/v2\/types\/page"}],"author":[{"embeddable":true,"href":"https:\/\/cienciasbahia.org.br\/novo\/wp-json\/wp\/v2\/users\/1"}],"replies":[{"embeddable":true,"href":"https:\/\/cienciasbahia.org.br\/novo\/wp-json\/wp\/v2\/comments?post=1540"}],"version-history":[{"count":3,"href":"https:\/\/cienciasbahia.org.br\/novo\/wp-json\/wp\/v2\/pages\/1540\/revisions"}],"predecessor-version":[{"id":6896,"href":"https:\/\/cienciasbahia.org.br\/novo\/wp-json\/wp\/v2\/pages\/1540\/revisions\/6896"}],"wp:attachment":[{"href":"https:\/\/cienciasbahia.org.br\/novo\/wp-json\/wp\/v2\/media?parent=1540"}],"curies":[{"name":"wp","href":"https:\/\/api.w.org\/{rel}","templated":true}]}}