{"id":5,"date":"2020-06-25T22:25:59","date_gmt":"2020-06-26T01:25:59","guid":{"rendered":"http:\/\/cienciasbahia.org.br\/2dejulho\/one-page-express\/"},"modified":"2022-06-26T15:13:21","modified_gmt":"2022-06-26T18:13:21","slug":"one-page-express","status":"publish","type":"page","link":"http:\/\/cienciasbahia.org.br\/2dejulho\/","title":{"rendered":"Front Page"},"content":{"rendered":"<div  data-label=\"About\" data-id=\"about-big-images-section\" data-category=\"about\" class=\"about-big-images-section\" id=\"about-1\" style=\"background-color: rgb(246, 246, 246);\"> <div  class=\"gridContainer\"> <div  class=\"about-big-images-textrow\"> <div  class=\"about-big-images-textcol dynamic-color\" data-type=\"column\">  <h3  class=\"\">O EVENTO\n<\/h3><div  class=\"spacer\" data-type=\"group\"><span  class=\"fa before\"><\/span><i  class=\"fa fa-angle-down\"><\/i><span  class=\"fa after\"><\/span><\/div><p  class=\"\">\n<br >A Academia de Ci\u00eancias da Bahia (ACB) convida para o seu tradicional cortejo virtual \u201c2 de Julho em Defesa da Ci\u00eancia\u201d, que marca as celebra\u00e7\u00f5es pelas lutas de Independ\u00eancia do Brasil na Bahia. O evento online acontece no dia 1\u00ba de julho (sexta-feira), das 10 \u00e0s 12 horas, com a participa\u00e7\u00e3o de acad\u00eamicos, cientistas e lideran\u00e7as de institui\u00e7\u00f5es cient\u00edficas nacionais, como Jailson B. de Andrade (ACB), Jo\u00e3o Jos\u00e9 Reis (Ufba &amp; ACB), Manoel Barral-Netto (ACB), Helena Bonciani Nader (ABC), Renato Janine Ribeiro (SBPC) e Maria Zaira Turchi (CNPq).<\/p><div  class=\"spacer\" data-type=\"group\"><span  class=\"fa before\"><\/span><i  class=\"fa fa-bandcamp\" data-reiki-hidden=\"true\"><\/i><span  class=\"fa after\"><\/span><\/div><a href=\"https:\/\/cienciasbahia.org.br\/2dejulho\/#features-2\" class=\"\" target=\"_self\" rel=\"noopener noreferrer\">CONSULTE A PROGRAMA\u00c7\u00c3O<\/a><div  class=\"spacer\" data-type=\"group\"><span  class=\"fa before\"><\/span><i  class=\"fa fa-bandcamp\" data-reiki-hidden=\"true\"><\/i><span  class=\"fa after\"><\/span><\/div>   <a href=\"https:\/\/cienciasbahia.org.br\/2dejulho\/wp-content\/uploads\/2020\/06\/Manifesto_2julhoDefesaCiencia2019.pdf\" class=\"\" target=\"_blank\" rel=\"noopener noreferrer\">LEIA O MANIFESTO<\/a><div  class=\"spacer\" data-type=\"group\"><span  class=\"fa before\"><\/span><i  class=\"fa fa-bandcamp\" data-reiki-hidden=\"true\"><\/i><span  class=\"fa after\"><\/span><\/div><a class=\"button blue\" href=\"https:\/\/www.youtube.com\/watch?v=jpIEKovKao0\" target=\"_blank\" rel=\"noopener noreferrer\">ASSISTA AO VIVO<\/a><\/div> <\/div> <\/div> <div  class=\"about-big-images-bottomrow\"> <div  class=\"about-big-images-leftimgcol\"><img decoding=\"async\"  class=\"about-big-images-leftimg\" src=\"http:\/\/cienciasbahia.org.br\/2dejulho\/wp-content\/uploads\/2020\/06\/foto_dest02.jpg\"> <\/div> <div  class=\"about-big-images-centerimgcol\"><img decoding=\"async\"  class=\"about-big-images-centerimg\" src=\"http:\/\/cienciasbahia.org.br\/2dejulho\/wp-content\/uploads\/2020\/06\/foto_dest01.jpg\"> <\/div> <div  class=\"about-big-images-rightimgcol\"><img decoding=\"async\"  class=\"about-big-images-rightimg\" src=\"http:\/\/cienciasbahia.org.br\/2dejulho\/wp-content\/uploads\/2020\/06\/foto_dest03.jpg\"> <\/div> <\/div> <\/div><div  data-label=\"Features\" data-id=\"features-image-cards-section\" data-category=\"features\" class=\"features-image-cards-section\" style=\"background-color: rgb(255, 255, 255);\" id=\"features-2\"> <div  class=\"gridContainer\"> <div  class=\"features-image-cards-textrow\"> <div  class=\"features-image-cards-textcol dynamic-color\" data-type=\"column\">   <a href=\"https:\/\/cienciasbahia.org.br\/2dejulho\" class=\"\" target=\"_self\" rel=\"noopener noreferrer\"><\/a><h3  class=\"\">PROGRAMA\u00c7\u00c3O<\/h3><\/div> <\/div> <div  class=\"features-image-cards-innerrow flexbox-list dark-text\" data-type=\"row\">    <div  class=\"features-image-cards-cardcol cp6cols-tablet cp4cols\"> <div  class=\"features-image-cards-cardrow\"><img decoding=\"async\"  class=\"features-image-cards-featimg\" src=\"http:\/\/cienciasbahia.org.br\/2dejulho\/wp-content\/uploads\/2020\/06\/thumb_prog01_line-1.png\"> <div  class=\"features-image-cards-cardtextrow\" data-type=\"column\"> <h4  class=\"\">Abertura: Mem\u00f3ria &amp; Significado do 2 de Julho<\/h4><hr  class=\"features-image-cards-separator\"><p  class=\"\">Jailson B. de Andrade (ACB) e Jo\u00e3o Jos\u00e9 Reis (UFBA &amp; ACB)<\/p><a class=\"button blue\" href=\"https:\/\/www.youtube.com\/watch?v=jpIEKovKao0\" target=\"_self\" rel=\"noopener noreferrer\">ASSISTA AO VIVO<\/a>   <\/div> <\/div> <\/div><div  class=\"features-image-cards-cardcol cp6cols-tablet cp4cols\"> <div  class=\"features-image-cards-cardrow\"><img decoding=\"async\"  class=\"features-image-cards-featimg\" src=\"http:\/\/cienciasbahia.org.br\/2dejulho\/wp-content\/uploads\/2021\/06\/img_10h30.jpg\"> <div  class=\"features-image-cards-cardtextrow\" data-type=\"column\"> <h4  class=\"\">Financiamento \u00e0 Ci\u00eancia, Tecnologia&nbsp;e Inova\u00e7\u00e3o<\/h4><hr  class=\"features-image-cards-separator\"><p  class=\"\">Manoel Barral-Netto (ACB); Helena Bonciani Nader (ABC);<br >Renato Janine Ribeiro (SBPC) e Maria Zaira Turchi (CNPq)<\/p><a class=\"button blue\" href=\"https:\/\/www.youtube.com\/watch?v=jpIEKovKao0\" target=\"_self\" rel=\"noopener noreferrer\">ASSISTA AO VIVO<\/a>   <\/div> <\/div> <\/div><div  class=\"features-image-cards-cardcol cp6cols-tablet cp4cols\"> <div  class=\"features-image-cards-cardrow\"><img decoding=\"async\"  class=\"features-image-cards-featimg\" src=\"http:\/\/cienciasbahia.org.br\/2dejulho\/wp-content\/uploads\/2021\/07\/img_12h.jpg\"> <div  class=\"features-image-cards-cardtextrow\" data-type=\"column\"> <h4  class=\"\">Encerramento<\/h4><hr  class=\"features-image-cards-separator\"><p  class=\"\">Jailson B. de Andrade (ACB)<\/p><a class=\"button blue\" href=\"https:\/\/www.youtube.com\/watch?v=jpIEKovKao0\" target=\"_self\" rel=\"noopener noreferrer\">ASSISTA AO VIVO<\/a>   <\/div> <\/div> <\/div><\/div> <\/div><\/div><div  id=\"latest-posts\" style=\"background-color: rgb(246, 246, 246);\" data-label=\"Latest posts\" data-id=\"blog-section\" data-category=\"latest_news\" class=\"blog-section\"> <div  class=\"gridContainer\"> <div  class=\"blog-textrow\"> <div  class=\"blog-textcol dynamic-color\" data-type=\"column\">   <h3  class=\"\">NOT\u00cdCIAS<\/h3><div  class=\"spacer\" data-type=\"group\"><span  class=\"fa before\"><\/span><i  class=\"fa fa-angle-down\"><\/i><span  class=\"fa after\"><\/span><\/div><\/div> <\/div> <div  class=\"blog-postsrow dark-text\" data-type=\"row\" data-dynamic-columns=\"one_page_express_latest_news_columns\" data-content-shortcode=\"one_page_express_latest_news\">\n    \n        <div id=\"post-1253\" class=\"blog-postcol cp4cols\">\n\n            <div class=\"post-content\">\n\n                \n                    <a class=\"post-list-item-thumb\" href=\"http:\/\/cienciasbahia.org.br\/2dejulho\/2020\/07\/04\/acb-agradece-a-todos-os-que-ajudaram-a-realizar-o-cortejo-virtual-do-dois-de-julho\/\">\n\n                        <img loading=\"lazy\" decoding=\"async\" width=\"1024\" height=\"553\" src=\"http:\/\/cienciasbahia.org.br\/2dejulho\/wp-content\/uploads\/2020\/07\/print_encerramento-1-1024x553.jpg\" class=\"attachment-post-thumbnail size-post-thumbnail wp-post-image\" alt=\"\" srcset=\"http:\/\/cienciasbahia.org.br\/2dejulho\/wp-content\/uploads\/2020\/07\/print_encerramento-1-1024x553.jpg 1024w, http:\/\/cienciasbahia.org.br\/2dejulho\/wp-content\/uploads\/2020\/07\/print_encerramento-1-300x162.jpg 300w, http:\/\/cienciasbahia.org.br\/2dejulho\/wp-content\/uploads\/2020\/07\/print_encerramento-1-768x415.jpg 768w, http:\/\/cienciasbahia.org.br\/2dejulho\/wp-content\/uploads\/2020\/07\/print_encerramento-1.jpg 1277w\" sizes=\"auto, (max-width: 1024px) 100vw, 1024px\" \/>\n                    <\/a>\n\n                \n                <div class=\"row_345\">\n\n<h4>\n\n                        <a href=\"http:\/\/cienciasbahia.org.br\/2dejulho\/2020\/07\/04\/acb-agradece-a-todos-os-que-ajudaram-a-realizar-o-cortejo-virtual-do-dois-de-julho\/\" rel=\"bookmark\">\n\n                            ACB agradece a todos os que ajudaram a realizar o Cortejo Virtual do Dois de Julho\n                        <\/a>\n\n                    <\/h4>\n\n                    <p>Iniciativa obteve ampla repercuss\u00e3o na comunidade, despertando o interesse da m\u00eddia e da pr\u00f3pria popula\u00e7\u00e3o baiana Agradecimento A Academia de Ci\u00eancias da Bahia agradece a todas as institui\u00e7\u00f5es parceiras, estaduais[&hellip;]<\/p>\n\n                    <a class=\"button blue small\" href=\"http:\/\/cienciasbahia.org.br\/2dejulho\/2020\/07\/04\/acb-agradece-a-todos-os-que-ajudaram-a-realizar-o-cortejo-virtual-do-dois-de-julho\/\">\n\n                        <span data-theme=\"one_page_express_latest_news_read_more\">LEIA MAIS<\/span>\n\n                    <\/a>\n\n\n                <\/div>\n\n            <\/div>\n\n        <\/div>\n\n        \n        <div id=\"post-187\" class=\"blog-postcol cp4cols\">\n\n            <div class=\"post-content\">\n\n                \n                    <a class=\"post-list-item-thumb\" href=\"http:\/\/cienciasbahia.org.br\/2dejulho\/2020\/06\/26\/academia-de-ciencias-da-bahia-comemora-o-dois-de-julho-em-evento-virtual\/\">\n\n                        <img loading=\"lazy\" decoding=\"async\" width=\"999\" height=\"563\" src=\"http:\/\/cienciasbahia.org.br\/2dejulho\/wp-content\/uploads\/2020\/06\/imagem_2506201593104027.jpg\" class=\"attachment-post-thumbnail size-post-thumbnail wp-post-image\" alt=\"\" srcset=\"http:\/\/cienciasbahia.org.br\/2dejulho\/wp-content\/uploads\/2020\/06\/imagem_2506201593104027.jpg 999w, http:\/\/cienciasbahia.org.br\/2dejulho\/wp-content\/uploads\/2020\/06\/imagem_2506201593104027-300x169.jpg 300w, http:\/\/cienciasbahia.org.br\/2dejulho\/wp-content\/uploads\/2020\/06\/imagem_2506201593104027-768x433.jpg 768w\" sizes=\"auto, (max-width: 999px) 100vw, 999px\" \/>\n                    <\/a>\n\n                \n                <div class=\"row_345\">\n\n<h4>\n\n                        <a href=\"http:\/\/cienciasbahia.org.br\/2dejulho\/2020\/06\/26\/academia-de-ciencias-da-bahia-comemora-o-dois-de-julho-em-evento-virtual\/\" rel=\"bookmark\">\n\n                            Academia de Ci\u00eancias da Bahia comemora o Dois de Julho em evento virtual\n                        <\/a>\n\n                    <\/h4>\n\n                    <p>Liderados pela ACB, pesquisadores e professores baianos defendem a Ci\u00eancia e a Educa\u00e7\u00e3o A Academia de Ci\u00eancias da Bahia est\u00e1 articulando uma grande comemora\u00e7\u00e3o pela passagem do Dois de Julho,[&hellip;]<\/p>\n\n                    <a class=\"button blue small\" href=\"http:\/\/cienciasbahia.org.br\/2dejulho\/2020\/06\/26\/academia-de-ciencias-da-bahia-comemora-o-dois-de-julho-em-evento-virtual\/\">\n\n                        <span data-theme=\"one_page_express_latest_news_read_more\">LEIA MAIS<\/span>\n\n                    <\/a>\n\n\n                <\/div>\n\n            <\/div>\n\n        <\/div>\n\n        \n        <div id=\"post-226\" class=\"blog-postcol cp4cols\">\n\n            <div class=\"post-content\">\n\n                \n                    <a class=\"post-list-item-thumb\" href=\"http:\/\/cienciasbahia.org.br\/2dejulho\/2020\/06\/26\/pesquisadores-da-uesb-criam-composto-natural-para-tratamento-dos-dentes\/\">\n\n                        <img loading=\"lazy\" decoding=\"async\" width=\"709\" height=\"400\" src=\"http:\/\/cienciasbahia.org.br\/2dejulho\/wp-content\/uploads\/2020\/06\/img_news02.jpg\" class=\"attachment-post-thumbnail size-post-thumbnail wp-post-image\" alt=\"\" srcset=\"http:\/\/cienciasbahia.org.br\/2dejulho\/wp-content\/uploads\/2020\/06\/img_news02.jpg 709w, http:\/\/cienciasbahia.org.br\/2dejulho\/wp-content\/uploads\/2020\/06\/img_news02-300x169.jpg 300w\" sizes=\"auto, (max-width: 709px) 100vw, 709px\" \/>\n                    <\/a>\n\n                \n                <div class=\"row_345\">\n\n<h4>\n\n                        <a href=\"http:\/\/cienciasbahia.org.br\/2dejulho\/2020\/06\/26\/pesquisadores-da-uesb-criam-composto-natural-para-tratamento-dos-dentes\/\" rel=\"bookmark\">\n\n                            Pesquisadores da Uesb criam composto natural para tratamento dos dentes\n                        <\/a>\n\n                    <\/h4>\n\n                    <p>Com a inova\u00e7\u00e3o, o grupo coordenador pelo professor Matheus Pithon (foto) conquistou a segunda patente para a Uesb em abril deste ano. Ao chegar no dentista e ouvir sobre a[&hellip;]<\/p>\n\n                    <a class=\"button blue small\" href=\"http:\/\/cienciasbahia.org.br\/2dejulho\/2020\/06\/26\/pesquisadores-da-uesb-criam-composto-natural-para-tratamento-dos-dentes\/\">\n\n                        <span data-theme=\"one_page_express_latest_news_read_more\">LEIA MAIS<\/span>\n\n                    <\/a>\n\n\n                <\/div>\n\n            <\/div>\n\n        <\/div>\n\n        <\/div> <div  class=\"blog-textcol\"> <a  class=\"button blue\" data-attr-shortcode=\"href:one_page_express_blog_link\" href=\"http:\/\/cienciasbahia.org.br\/2dejulho\/noticias\/\">MAIS NOT\u00cdCIAS<\/a> <\/div> <\/div><\/div><div  data-label=\"Features\" data-id=\"features-square-image-section\" data-category=\"features\" class=\"features-square-image-section\" id=\"features-7\" style=\"background-color: rgb(246, 246, 246);\"> <div  class=\"gridContainer dynamic-color\"> <div  class=\"features-square-image-textrow\"> <div  class=\"features-square-image-textcol\" data-type=\"column\">  <h3  class=\"\">NA M\u00cdDIA<\/h3> <div  class=\"spacer\" data-type=\"group\"><span  class=\"fa before\"><\/span><i  class=\"fa fa-angle-down\"><\/i><span  class=\"fa after\"><\/span><\/div><a href=\"https:\/\/cienciasbahia.org.br\/2dejulho\/wp-content\/uploads\/2020\/07\/clipping_02072020_academia_de_ciencias_da_bahia.pdf\" class=\"\" target=\"_blank\" rel=\"noopener noreferrer\"><\/a><a class=\"button blue\" href=\"https:\/\/cienciasbahia.org.br\/2dejulho\/wp-content\/uploads\/2020\/07\/clipping_02072020_academia_de_ciencias_da_bahia.pdf\" target=\"_blank\" rel=\"noopener noreferrer\">DOWNLOAD DO CLIPPING DE NOT\u00cdCIAS SOBRE O EVENTO<\/a><\/div> <\/div> <div  class=\"features-square-image-innerrow\" data-type=\"row\"> <div  class=\"features-square-image-featcol cp4cols cp6cols-tablet\"> <a href=\"http:\/\/www.jornaldaciencia.org.br\/edicoes?url=http%3A%2F%2Fjcnoticias.jornaldaciencia.org.br%2F2-sbpc-participa-de-cortejo-virtual-em-defesa-da-ciencia-na-bahia%2F\" class=\"\" target=\"_blank\" rel=\"noopener noreferrer\">JORNAL DA CI\u00caNCIA \u2013 SBPC<\/a><h4  class=\"\">SBPC participa de Cortejo Virtual em Defesa da Ci\u00eancia na Bahia<\/h4>   <a class=\"button blue\" href=\"http:\/\/www.jornaldaciencia.org.br\/edicoes?url=http%3A%2F%2Fjcnoticias.jornaldaciencia.org.br%2F2-sbpc-participa-de-cortejo-virtual-em-defesa-da-ciencia-na-bahia%2F\" target=\"_blank\" rel=\"noopener noreferrer\">LEIA MAIS<\/a><\/div><div  class=\"features-square-image-featcol cp4cols cp6cols-tablet\"> <a href=\"http:\/\/www.uesb.br\/noticias\/uesb-participa-do-cortejo-virtual-de-2-de-julho-em-defesa-da-ciencia\" class=\"\" target=\"_blank\" rel=\"noopener noreferrer\">UESB<\/a><h4  class=\"\">Uesb participa do Cortejo Virtual de 2 de julho em defesa da Ci\u00eancia<\/h4>   <a class=\"button blue\" href=\"http:\/\/www.uesb.br\/noticias\/uesb-participa-do-cortejo-virtual-de-2-de-julho-em-defesa-da-ciencia\" target=\"_blank\" rel=\"noopener noreferrer\">LEIA MAIS<\/a><\/div><div  class=\"features-square-image-featcol cp4cols cp6cols-tablet\"> <a href=\"https:\/\/portal.uneb.br\/noticias\/2020\/06\/29\/academia-de-ciencias-da-bahia-comemora-o-dois-de-julho-em-evento-virtual\" class=\"\" target=\"_blank\" rel=\"noopener noreferrer\">UNEB<\/a><h4  class=\"\">Academia de Ci\u00eancias da Bahia comemora Dois de Julho em evento virtual<\/h4>   <a class=\"button blue\" href=\"https:\/\/portal.uneb.br\/noticias\/2020\/06\/29\/academia-de-ciencias-da-bahia-comemora-o-dois-de-julho-em-evento-virtual\" target=\"_blank\" rel=\"noopener noreferrer\">LEIA MAIS<\/a><\/div><div  class=\"features-square-image-featcol cp4cols cp6cols-tablet\"> <a href=\"http:\/\/www.edgardigital.ufba.br?p=17553\" class=\"\" target=\"_blank\" rel=\"noopener noreferrer\">EDGAR DIGITAL \u2013 UFBA<\/a><h4  class=\"\">Academia de Ci\u00eancias da Bahia comemora o Dois de Julho em evento virtual<\/h4>   <a class=\"button blue\" href=\"http:\/\/www.edgardigital.ufba.br?p=17553\" target=\"_blank\" rel=\"noopener noreferrer\">LEIA MAIS<\/a><\/div><div  class=\"features-square-image-featcol cp4cols cp6cols-tablet\"> <a href=\"http:\/\/atarde.uol.com.br\/coluna\/levivasconcelos\/2131303-e-a-covid-vai-batendo-recordes-malditos-de-quem-sera-a-conta-premium\" class=\"\" target=\"_blank\" rel=\"noopener noreferrer\">A TARDE<\/a><h4  class=\"\">E o 2 de Julho vai ser virtual<\/h4>   <a class=\"button blue\" href=\"http:\/\/atarde.uol.com.br\/coluna\/levivasconcelos\/2131303-e-a-covid-vai-batendo-recordes-malditos-de-quem-sera-a-conta-premium\" target=\"_blank\" rel=\"noopener noreferrer\">LEIA MAIS<\/a><\/div><div  class=\"features-square-image-featcol cp4cols cp6cols-tablet\"> <a href=\"https:\/\/noticialivre.com.br\/2020\/06\/26\/academia-de-ciencias-da-bahia-comemora-o-dois-de-julho-em-evento-virtual\" class=\"\" target=\"_blank\" rel=\"noopener noreferrer\">NOT\u00cdCIA LIVRE<\/a><h4  class=\"\">Academia de Ci\u00eancias da Bahia comemora o Dois de Julho em evento virtual<\/h4>   <a class=\"button blue\" href=\"https:\/\/noticialivre.com.br\/2020\/06\/26\/academia-de-ciencias-da-bahia-comemora-o-dois-de-julho-em-evento-virtual\" target=\"_blank\" rel=\"noopener noreferrer\">LEIA MAIS<\/a><\/div>   <div  class=\"features-square-image-featcol cp4cols cp6cols-tablet\"> <i  class=\"fa cp-icon fa1 fa-newspaper-o\" data-reiki-hidden=\"true\"><\/i><a href=\"https:\/\/www.digabahia.com.br\/academia-de-ciencias-da-bahia-comemora-o-dois-de-julho-em-evento-virtual\" class=\"\" target=\"_blank\" rel=\"noopener noreferrer\">DIGA BAHIA<\/a><h4  class=\"\">Academia de Ci\u00eancias da Bahia comemora o Dois de Julho em evento virtual<\/h4>   <p  class=\"\">Academia de Ci\u00eancias da Bahia comemora o Dois de Julho em evento virtual<\/p><a class=\"button blue\" href=\"https:\/\/www.digabahia.com.br\/academia-de-ciencias-da-bahia-comemora-o-dois-de-julho-em-evento-virtual\" target=\"_blank\" rel=\"noopener noreferrer\">LEIA MAIS<\/a><\/div><div  class=\"features-square-image-featcol cp4cols cp6cols-tablet\"> <a href=\"https:\/\/www.jornaldamidia.com.br\/2020\/06\/27\/academia-de-ciencias-da-bahia-comemora-o-dois-de-julho-em-evento-virtual\" class=\"\" target=\"_blank\" rel=\"noopener noreferrer\">JORNAL DA M\u00cdDIA<\/a><h4  class=\"\">Academia de Ci\u00eancias da Bahia comemora o Dois de Julho em evento virtual<\/h4>   <a class=\"button blue\" href=\"https:\/\/www.jornaldamidia.com.br\/2020\/06\/27\/academia-de-ciencias-da-bahia-comemora-o-dois-de-julho-em-evento-virtual\" target=\"_blank\" rel=\"noopener noreferrer\">LEIA MAIS<\/a><\/div><div  class=\"features-square-image-featcol cp4cols cp6cols-tablet\"> <a href=\"https:\/\/bahia.ba\/politica\/2-de-julho-neste-ano-so-virtual\" class=\"\" target=\"_blank\" rel=\"noopener noreferrer\">BAHIA.BA<\/a><h4  class=\"\">2 de Julho neste ano s\u00f3 virtual<\/h4>   <p  class=\"\">Vai ter at\u00e9 o cortejo do caboclo e da cabocla da Lapinha ao Campo Grande<\/p><a class=\"button blue\" href=\"https:\/\/bahia.ba\/politica\/2-de-julho-neste-ano-so-virtual\" target=\"_blank\" rel=\"noopener noreferrer\">LEIA MAIS<\/a><\/div><\/div> <\/div><\/div><div  data-label=\"Clients\" data-id=\"clients-grid-section\" data-category=\"clients\" class=\"clients-grid-section\" id=\"clients-1\" style=\"background-color: rgb(255, 255, 255);\"> <div  class=\"gridContainer\"> <div  class=\"clients-grid-textrow row\" data-type=\"column\"> <div  data-type=\"column\" class=\"clients-grid-textcol dynamic-color\"><h3  class=\"\">INSTITUI\u00c7\u00d5ES PARTICIPANTES<\/h3>   <p  class=\"\">\n<br >PROMO\u00c7\u00c3O<\/p><img decoding=\"async\"  class=\"custom-image\" src=\"http:\/\/cienciasbahia.org.br\/2dejulho\/wp-content\/uploads\/2020\/06\/acb_white.jpg\"><p  class=\"\">\n<br >APOIO<\/p><\/div> <\/div> <div  class=\"row\" data-type=\"row\" data-add-content=\"false\">        <a href=\"#\" target=\"blank\" rel=\"noopener noreferrer\"> <\/a><div  class=\"clients-grid-itemcol cp3cols cp3cols-tablet\"> <div  class=\"middle_align5\"><a href=\"http:\/\/www.ufba.br\" target=\"_blank\" rel=\"noopener noreferrer\" class=\"\"><img decoding=\"async\"  class=\"clients-grid-itemimg\" src=\"http:\/\/cienciasbahia.org.br\/2dejulho\/wp-content\/uploads\/2020\/06\/UFBA.png\"><\/a> <\/div> <\/div><\/div> <\/div><\/div>","protected":false},"excerpt":{"rendered":"<p>O EVENTO A Academia de Ci\u00eancias da Bahia (ACB) convida para o seu tradicional cortejo virtual \u201c2 de Julho em Defesa da Ci\u00eancia\u201d, que marca as celebra\u00e7\u00f5es pelas lutas de Independ\u00eancia do Brasil na Bahia. O evento online acontece no dia 1\u00ba de julho (sexta-feira), das 10 \u00e0s 12 horas, com a participa\u00e7\u00e3o de acad\u00eamicos,&hellip; <br \/> <a class=\"button small blue\" href=\"http:\/\/cienciasbahia.org.br\/2dejulho\/2020\/06\/26\/pesquisadores-da-uesb-criam-composto-natural-para-tratamento-dos-dentes\/\">Leia mais<\/a><\/p>\n","protected":false},"author":1,"featured_media":0,"parent":0,"menu_order":0,"comment_status":"closed","ping_status":"closed","template":"","meta":{"footnotes":""},"class_list":["post-5","page","type-page","status-publish","hentry"],"_links":{"self":[{"href":"http:\/\/cienciasbahia.org.br\/2dejulho\/wp-json\/wp\/v2\/pages\/5","targetHints":{"allow":["GET"]}}],"collection":[{"href":"http:\/\/cienciasbahia.org.br\/2dejulho\/wp-json\/wp\/v2\/pages"}],"about":[{"href":"http:\/\/cienciasbahia.org.br\/2dejulho\/wp-json\/wp\/v2\/types\/page"}],"author":[{"embeddable":true,"href":"http:\/\/cienciasbahia.org.br\/2dejulho\/wp-json\/wp\/v2\/users\/1"}],"replies":[{"embeddable":true,"href":"http:\/\/cienciasbahia.org.br\/2dejulho\/wp-json\/wp\/v2\/comments?post=5"}],"version-history":[{"count":496,"href":"http:\/\/cienciasbahia.org.br\/2dejulho\/wp-json\/wp\/v2\/pages\/5\/revisions"}],"predecessor-version":[{"id":1421,"href":"http:\/\/cienciasbahia.org.br\/2dejulho\/wp-json\/wp\/v2\/pages\/5\/revisions\/1421"}],"wp:attachment":[{"href":"http:\/\/cienciasbahia.org.br\/2dejulho\/wp-json\/wp\/v2\/media?parent=5"}],"curies":[{"name":"wp","href":"https:\/\/api.w.org\/{rel}","templated":true}]}}